{"id":767,"date":"2024-07-10T08:49:29","date_gmt":"2024-07-10T08:49:29","guid":{"rendered":"https:\/\/b-me.info\/?page_id=767"},"modified":"2024-10-24T08:49:26","modified_gmt":"2024-10-24T08:49:26","slug":"personal-training-bij-b-me","status":"publish","type":"page","link":"https:\/\/b-me.info\/index.php\/personal-training-bij-b-me\/","title":{"rendered":"Personal training"},"content":{"rendered":"<style>.kb-row-layout-id767_d21afc-70 > .kt-row-column-wrap{align-content:center;}:where(.kb-row-layout-id767_d21afc-70 > .kt-row-column-wrap) > .wp-block-kadence-column{justify-content:center;}.kb-row-layout-id767_d21afc-70 > .kt-row-column-wrap{column-gap:var(--global-kb-gap-lg, 4rem);row-gap:var(--global-kb-gap-md, 2rem);max-width:var( --global-content-width, 1290px );padding-left:var(--global-content-edge-padding);padding-right:var(--global-content-edge-padding);padding-top:var(--global-kb-spacing-xxl, 5rem);padding-bottom:var(--global-kb-spacing-xxl, 5rem);grid-template-columns:minmax(0, calc(50% - ((var(--global-kb-gap-lg, 4rem) * 1 )\/2)))minmax(0, calc(50% - ((var(--global-kb-gap-lg, 4rem) * 1 )\/2)));}.kb-row-layout-id767_d21afc-70 > .kt-row-layout-overlay{opacity:0.30;}@media all and (max-width: 1024px){.kb-row-layout-id767_d21afc-70 > .kt-row-column-wrap{column-gap:var(--global-kb-gap-md, 2rem);padding-top:var(--global-kb-spacing-lg, 3rem);padding-right:var(--global-kb-spacing-lg, 3rem);padding-bottom:var(--global-kb-spacing-lg, 3rem);padding-left:var(--global-kb-spacing-lg, 3rem);grid-template-columns:minmax(0, 1fr);}}@media all and (max-width: 767px){.kb-row-layout-id767_d21afc-70 > .kt-row-column-wrap{grid-template-columns:minmax(0, 1fr);}}<\/style><div class=\"kb-row-layout-wrap kb-row-layout-id767_d21afc-70 alignfull has-theme-palette1-background-color kt-row-has-bg wp-block-kadence-rowlayout\"><div class=\"kt-row-column-wrap kt-has-2-columns kt-row-layout-equal kt-tab-layout-row kt-mobile-layout-row kt-row-valign-middle kb-theme-content-width\">\n<style>.kadence-column767_9f648b-5c > .kt-inside-inner-col{display:flex;}.kadence-column767_9f648b-5c > .kt-inside-inner-col,.kadence-column767_9f648b-5c > .kt-inside-inner-col:before{border-top-left-radius:0px;border-top-right-radius:0px;border-bottom-right-radius:0px;border-bottom-left-radius:0px;}.kadence-column767_9f648b-5c > .kt-inside-inner-col{column-gap:var(--global-kb-gap-sm, 1rem);}.kadence-column767_9f648b-5c > .kt-inside-inner-col{flex-direction:column;justify-content:center;}.kadence-column767_9f648b-5c > .kt-inside-inner-col > .aligncenter{width:100%;}.kt-row-column-wrap > .kadence-column767_9f648b-5c{align-self:center;}.kt-inner-column-height-full:not(.kt-has-1-columns) > .wp-block-kadence-column.kadence-column767_9f648b-5c{align-self:auto;}.kt-inner-column-height-full:not(.kt-has-1-columns) > .wp-block-kadence-column.kadence-column767_9f648b-5c > .kt-inside-inner-col{flex-direction:column;justify-content:center;}.kadence-column767_9f648b-5c > .kt-inside-inner-col:before{opacity:0.3;}.kadence-column767_9f648b-5c{text-align:left;}.kadence-column767_9f648b-5c{position:relative;}@media all and (max-width: 1024px){.kt-row-column-wrap > .kadence-column767_9f648b-5c{align-self:center;}}@media all and (max-width: 1024px){.kt-inner-column-height-full:not(.kt-has-1-columns) > .wp-block-kadence-column.kadence-column767_9f648b-5c{align-self:auto;}}@media all and (max-width: 1024px){.kt-inner-column-height-full:not(.kt-has-1-columns) > .wp-block-kadence-column.kadence-column767_9f648b-5c > .kt-inside-inner-col{flex-direction:column;justify-content:center;}}@media all and (max-width: 1024px){.kadence-column767_9f648b-5c > .kt-inside-inner-col{flex-direction:column;justify-content:center;}}@media all and (max-width: 767px){.kt-row-column-wrap > .kadence-column767_9f648b-5c{align-self:center;}.kt-inner-column-height-full:not(.kt-has-1-columns) > .wp-block-kadence-column.kadence-column767_9f648b-5c{align-self:auto;}.kt-inner-column-height-full:not(.kt-has-1-columns) > .wp-block-kadence-column.kadence-column767_9f648b-5c > .kt-inside-inner-col{flex-direction:column;justify-content:center;}.kadence-column767_9f648b-5c > .kt-inside-inner-col{flex-direction:column;justify-content:center;}}<\/style>\n<div class=\"wp-block-kadence-column kadence-column767_9f648b-5c kb-section-dir-vertical inner-column-1\"><div class=\"kt-inside-inner-col\"><style>.wp-block-kadence-advancedheading.kt-adv-heading767_9edea2-8a, .wp-block-kadence-advancedheading.kt-adv-heading767_9edea2-8a[data-kb-block=\"kb-adv-heading767_9edea2-8a\"]{font-size:var(--global-kb-font-size-xl, 3rem);line-height:1.2;font-style:normal;}.wp-block-kadence-advancedheading.kt-adv-heading767_9edea2-8a mark.kt-highlight, .wp-block-kadence-advancedheading.kt-adv-heading767_9edea2-8a[data-kb-block=\"kb-adv-heading767_9edea2-8a\"] mark.kt-highlight{font-style:normal;color:#f76a0c;-webkit-box-decoration-break:clone;box-decoration-break:clone;padding-top:0px;padding-right:0px;padding-bottom:0px;padding-left:0px;}<\/style>\n<h2 class=\"kt-adv-heading767_9edea2-8a wp-block-kadence-advancedheading has-theme-palette-9-color has-text-color\" data-kb-block=\"kb-adv-heading767_9edea2-8a\">Personal Training <\/h2>\n\n\n<style>.wp-block-kadence-advancedheading.kt-adv-heading767_a8458f-58, .wp-block-kadence-advancedheading.kt-adv-heading767_a8458f-58[data-kb-block=\"kb-adv-heading767_a8458f-58\"]{margin-bottom:var(--global-kb-spacing-sm, 1.5rem);font-style:normal;}.wp-block-kadence-advancedheading.kt-adv-heading767_a8458f-58 mark.kt-highlight, .wp-block-kadence-advancedheading.kt-adv-heading767_a8458f-58[data-kb-block=\"kb-adv-heading767_a8458f-58\"] mark.kt-highlight{font-style:normal;color:#f76a0c;-webkit-box-decoration-break:clone;box-decoration-break:clone;padding-top:0px;padding-right:0px;padding-bottom:0px;padding-left:0px;}<\/style>\n<p class=\"kt-adv-heading767_a8458f-58 wp-block-kadence-advancedheading has-theme-palette-9-color has-text-color\" data-kb-block=\"kb-adv-heading767_a8458f-58\">B-me biedt een individuele en gerichte benadering om je doelen te bereiken. \u00c9\u00e9n-op-\u00e9\u00e9n sessies met onze gecertificeerde personal trainers die op basis van een uitgebreide intake een op maat gemaakt uniek programma cre\u00ebert. In dit proces word je intensief begeleidt gedurende je hele sportreis<\/p>\n\n\n\n<div class=\"wp-block-buttons is-layout-flex wp-block-buttons-is-layout-flex\">\n<div class=\"wp-block-button is-style-fill\"><a class=\"wp-block-button__link has-border-color has-theme-palette-9-border-color wp-element-button\" href=\"https:\/\/b-me.info\/index.php\/contact-formulier-gratis-personal-training-sessie\/\" style=\"border-style:solid;border-width:3px;padding-top:var(--wp--preset--spacing--20);padding-bottom:var(--wp--preset--spacing--20)\">KLIK hier voor jouw GRATIS personal training sessie!<\/a><\/div>\n<\/div>\n\n\n\n<p><\/p>\n\n\n\n<p><\/p>\n<\/div><\/div>\n\n\n<style>.kadence-column767_e49bf3-79 > .kt-inside-inner-col,.kadence-column767_e49bf3-79 > .kt-inside-inner-col:before{border-top-left-radius:0px;border-top-right-radius:0px;border-bottom-right-radius:0px;border-bottom-left-radius:0px;}.kadence-column767_e49bf3-79 > .kt-inside-inner-col{column-gap:0px;}.kadence-column767_e49bf3-79 > .kt-inside-inner-col{flex-direction:column;}.kadence-column767_e49bf3-79 > .kt-inside-inner-col > .aligncenter{width:100%;}.kadence-column767_e49bf3-79 > .kt-inside-inner-col:before{opacity:0.3;}.kadence-column767_e49bf3-79{text-align:left;}.kadence-column767_e49bf3-79{position:relative;}@media all and (max-width: 1024px){.kadence-column767_e49bf3-79 > .kt-inside-inner-col{flex-direction:column;justify-content:center;}}@media all and (max-width: 767px){.kadence-column767_e49bf3-79 > .kt-inside-inner-col{flex-direction:column;justify-content:center;}}<\/style>\n<div class=\"wp-block-kadence-column kadence-column767_e49bf3-79 kb-section-dir-vertical inner-column-2\"><div class=\"kt-inside-inner-col\">\n<figure class=\"wp-block-embed is-type-video is-provider-youtube wp-block-embed-youtube wp-embed-aspect-16-9 wp-has-aspect-ratio\"><div class=\"wp-block-embed__wrapper\">\n<iframe loading=\"lazy\" title=\"Sfeerimpressie personal training B-me\" width=\"720\" height=\"405\" src=\"https:\/\/www.youtube.com\/embed\/idWXKnVfkfo?feature=oembed\" frameborder=\"0\" allow=\"accelerometer; autoplay; clipboard-write; encrypted-media; gyroscope; picture-in-picture; web-share\" referrerpolicy=\"strict-origin-when-cross-origin\" allowfullscreen><\/iframe>\n<\/div><\/figure>\n<\/div><\/div>\n\n<\/div><\/div>\n\n\n<hr class=\"wp-block-separator has-alpha-channel-opacity\"\/>\n","protected":false},"excerpt":{"rendered":"<p>Personal Training B-me biedt een individuele en gerichte benadering om je doelen te bereiken. \u00c9\u00e9n-op-\u00e9\u00e9n sessies met onze gecertificeerde personal trainers die op basis van een uitgebreide intake een op maat gemaakt uniek programma cre\u00ebert. In dit proces word je intensief begeleidt gedurende je hele sportreis<\/p>\n","protected":false},"author":1,"featured_media":0,"parent":0,"menu_order":0,"comment_status":"closed","ping_status":"closed","template":"","meta":{"_kadence_starter_templates_imported_post":false,"_kad_post_transparent":"","_kad_post_title":"","_kad_post_layout":"","_kad_post_sidebar_id":"","_kad_post_content_style":"","_kad_post_vertical_padding":"","_kad_post_feature":"","_kad_post_feature_position":"","_kad_post_header":false,"_kad_post_footer":false,"_kad_post_classname":"","footnotes":""},"class_list":["post-767","page","type-page","status-publish","hentry"],"_links":{"self":[{"href":"https:\/\/b-me.info\/index.php\/wp-json\/wp\/v2\/pages\/767","targetHints":{"allow":["GET"]}}],"collection":[{"href":"https:\/\/b-me.info\/index.php\/wp-json\/wp\/v2\/pages"}],"about":[{"href":"https:\/\/b-me.info\/index.php\/wp-json\/wp\/v2\/types\/page"}],"author":[{"embeddable":true,"href":"https:\/\/b-me.info\/index.php\/wp-json\/wp\/v2\/users\/1"}],"replies":[{"embeddable":true,"href":"https:\/\/b-me.info\/index.php\/wp-json\/wp\/v2\/comments?post=767"}],"version-history":[{"count":23,"href":"https:\/\/b-me.info\/index.php\/wp-json\/wp\/v2\/pages\/767\/revisions"}],"predecessor-version":[{"id":1461,"href":"https:\/\/b-me.info\/index.php\/wp-json\/wp\/v2\/pages\/767\/revisions\/1461"}],"wp:attachment":[{"href":"https:\/\/b-me.info\/index.php\/wp-json\/wp\/v2\/media?parent=767"}],"curies":[{"name":"wp","href":"https:\/\/api.w.org\/{rel}","templated":true}]}}