{"id":511,"date":"2024-06-19T10:41:15","date_gmt":"2024-06-19T10:41:15","guid":{"rendered":"https:\/\/b-me.info\/?page_id=511"},"modified":"2024-11-06T11:35:19","modified_gmt":"2024-11-06T11:35:19","slug":"small-group-training","status":"publish","type":"page","link":"https:\/\/b-me.info\/index.php\/small-group-training\/","title":{"rendered":"Small group training"},"content":{"rendered":"<style>.kb-row-layout-id511_e6178d-e8 > .kt-row-column-wrap{align-content:center;}:where(.kb-row-layout-id511_e6178d-e8 > .kt-row-column-wrap) > .wp-block-kadence-column{justify-content:center;}.kb-row-layout-id511_e6178d-e8 > .kt-row-column-wrap{column-gap:var(--global-kb-gap-lg, 4rem);row-gap:var(--global-kb-gap-md, 2rem);max-width:var( --global-content-width, 1290px );padding-left:var(--global-content-edge-padding);padding-right:var(--global-content-edge-padding);padding-top:var(--global-kb-spacing-xxl, 5rem);padding-bottom:var(--global-kb-spacing-xxl, 5rem);grid-template-columns:repeat(2, minmax(0, 1fr));}.kb-row-layout-id511_e6178d-e8 > .kt-row-layout-overlay{opacity:0.30;}@media all and (max-width: 1024px){.kb-row-layout-id511_e6178d-e8 > .kt-row-column-wrap{column-gap:var(--global-kb-gap-md, 2rem);padding-top:var(--global-kb-spacing-lg, 3rem);padding-right:var(--global-kb-spacing-lg, 3rem);padding-bottom:var(--global-kb-spacing-lg, 3rem);padding-left:var(--global-kb-spacing-lg, 3rem);grid-template-columns:minmax(0, 1fr);}}@media all and (max-width: 767px){.kb-row-layout-id511_e6178d-e8 > .kt-row-column-wrap{grid-template-columns:minmax(0, 1fr);}}<\/style><div class=\"kb-row-layout-wrap kb-row-layout-id511_e6178d-e8 alignfull has-theme-palette1-background-color kt-row-has-bg wp-block-kadence-rowlayout\"><div class=\"kt-row-column-wrap kt-has-2-columns kt-row-layout-equal kt-tab-layout-row kt-mobile-layout-row kt-row-valign-middle kb-theme-content-width\">\n<style>.kadence-column511_3e9a43-2c > .kt-inside-inner-col,.kadence-column511_3e9a43-2c > .kt-inside-inner-col:before{border-top-left-radius:0px;border-top-right-radius:0px;border-bottom-right-radius:0px;border-bottom-left-radius:0px;}.kadence-column511_3e9a43-2c > .kt-inside-inner-col{column-gap:0px;}.kadence-column511_3e9a43-2c > .kt-inside-inner-col{flex-direction:column;}.kadence-column511_3e9a43-2c > .kt-inside-inner-col > .aligncenter{width:100%;}.kadence-column511_3e9a43-2c > .kt-inside-inner-col:before{opacity:0.3;}.kadence-column511_3e9a43-2c{text-align:left;}.kadence-column511_3e9a43-2c{position:relative;}@media all and (max-width: 1024px){.kadence-column511_3e9a43-2c > .kt-inside-inner-col{flex-direction:column;justify-content:center;}}@media all and (max-width: 767px){.kadence-column511_3e9a43-2c > .kt-inside-inner-col{flex-direction:column;justify-content:center;}}<\/style>\n<div class=\"wp-block-kadence-column kadence-column511_3e9a43-2c kb-section-dir-vertical inner-column-2\"><div class=\"kt-inside-inner-col\"><style>.kb-image511_51f748-6d .kb-image-has-overlay:after{opacity:0.3;}<\/style>\n<figure class=\"wp-block-kadence-image kb-image511_51f748-6d kb-image-is-ratio-size\"><div class=\"kb-is-ratio-image kb-image-ratio-square\"><img loading=\"lazy\" decoding=\"async\" width=\"2560\" height=\"1707\" src=\"https:\/\/b-me.info\/wp-content\/uploads\/2024\/07\/B-me-klein-89-scaled.jpg\" alt=\"\" class=\"kb-img wp-image-1003\" srcset=\"https:\/\/b-me.info\/wp-content\/uploads\/2024\/07\/B-me-klein-89-scaled.jpg 2560w, https:\/\/b-me.info\/wp-content\/uploads\/2024\/07\/B-me-klein-89-300x200.jpg 300w, https:\/\/b-me.info\/wp-content\/uploads\/2024\/07\/B-me-klein-89-1024x683.jpg 1024w, https:\/\/b-me.info\/wp-content\/uploads\/2024\/07\/B-me-klein-89-768x512.jpg 768w, https:\/\/b-me.info\/wp-content\/uploads\/2024\/07\/B-me-klein-89-1536x1024.jpg 1536w, https:\/\/b-me.info\/wp-content\/uploads\/2024\/07\/B-me-klein-89-2048x1365.jpg 2048w\" sizes=\"auto, (max-width: 2560px) 100vw, 2560px\" \/><\/div><\/figure>\n<\/div><\/div>\n\n\n<style>.kadence-column511_037e31-de > .kt-inside-inner-col{display:flex;}.kadence-column511_037e31-de > .kt-inside-inner-col,.kadence-column511_037e31-de > .kt-inside-inner-col:before{border-top-left-radius:0px;border-top-right-radius:0px;border-bottom-right-radius:0px;border-bottom-left-radius:0px;}.kadence-column511_037e31-de > .kt-inside-inner-col{column-gap:var(--global-kb-gap-sm, 1rem);}.kadence-column511_037e31-de > .kt-inside-inner-col{flex-direction:column;justify-content:center;}.kadence-column511_037e31-de > .kt-inside-inner-col > .aligncenter{width:100%;}.kt-row-column-wrap > .kadence-column511_037e31-de{align-self:center;}.kt-inner-column-height-full:not(.kt-has-1-columns) > .wp-block-kadence-column.kadence-column511_037e31-de{align-self:auto;}.kt-inner-column-height-full:not(.kt-has-1-columns) > .wp-block-kadence-column.kadence-column511_037e31-de > .kt-inside-inner-col{flex-direction:column;justify-content:center;}.kadence-column511_037e31-de > .kt-inside-inner-col:before{opacity:0.3;}.kadence-column511_037e31-de{text-align:left;}.kadence-column511_037e31-de{position:relative;}@media all and (max-width: 1024px){.kadence-column511_037e31-de > .kt-inside-inner-col{padding-top:0px;padding-right:0px;padding-bottom:0px;padding-left:0px;flex-direction:column;justify-content:center;}}@media all and (max-width: 1024px){.kt-row-column-wrap > .kadence-column511_037e31-de{align-self:center;}}@media all and (max-width: 1024px){.kt-inner-column-height-full:not(.kt-has-1-columns) > .wp-block-kadence-column.kadence-column511_037e31-de{align-self:auto;}}@media all and (max-width: 1024px){.kt-inner-column-height-full:not(.kt-has-1-columns) > .wp-block-kadence-column.kadence-column511_037e31-de > .kt-inside-inner-col{flex-direction:column;justify-content:center;}}@media all and (max-width: 767px){.kt-row-column-wrap > .kadence-column511_037e31-de{align-self:center;}.kt-inner-column-height-full:not(.kt-has-1-columns) > .wp-block-kadence-column.kadence-column511_037e31-de{align-self:auto;}.kt-inner-column-height-full:not(.kt-has-1-columns) > .wp-block-kadence-column.kadence-column511_037e31-de > .kt-inside-inner-col{flex-direction:column;justify-content:center;}.kadence-column511_037e31-de > .kt-inside-inner-col{flex-direction:column;justify-content:center;}}<\/style>\n<div class=\"wp-block-kadence-column kadence-column511_037e31-de kb-section-dir-vertical inner-column-1\"><div class=\"kt-inside-inner-col\"><style>.wp-block-kadence-advancedheading.kt-adv-heading511_e0c350-99, .wp-block-kadence-advancedheading.kt-adv-heading511_e0c350-99[data-kb-block=\"kb-adv-heading511_e0c350-99\"]{font-size:var(--global-kb-font-size-xl, 3rem);line-height:1.2;font-style:normal;}.wp-block-kadence-advancedheading.kt-adv-heading511_e0c350-99 mark.kt-highlight, .wp-block-kadence-advancedheading.kt-adv-heading511_e0c350-99[data-kb-block=\"kb-adv-heading511_e0c350-99\"] mark.kt-highlight{font-style:normal;color:#f76a0c;-webkit-box-decoration-break:clone;box-decoration-break:clone;padding-top:0px;padding-right:0px;padding-bottom:0px;padding-left:0px;}<\/style>\n<h2 class=\"kt-adv-heading511_e0c350-99 wp-block-kadence-advancedheading has-theme-palette-9-color has-text-color\" data-kb-block=\"kb-adv-heading511_e0c350-99\">Small group training<\/h2>\n\n\n<style>.wp-block-kadence-advancedheading.kt-adv-heading511_149499-5e, .wp-block-kadence-advancedheading.kt-adv-heading511_149499-5e[data-kb-block=\"kb-adv-heading511_149499-5e\"]{margin-bottom:var(--global-kb-spacing-sm, 1.5rem);font-style:normal;}.wp-block-kadence-advancedheading.kt-adv-heading511_149499-5e mark.kt-highlight, .wp-block-kadence-advancedheading.kt-adv-heading511_149499-5e[data-kb-block=\"kb-adv-heading511_149499-5e\"] mark.kt-highlight{font-style:normal;color:#f76a0c;-webkit-box-decoration-break:clone;box-decoration-break:clone;padding-top:0px;padding-right:0px;padding-bottom:0px;padding-left:0px;}<\/style>\n<p class=\"kt-adv-heading511_149499-5e wp-block-kadence-advancedheading has-theme-palette-9-color has-text-color\" data-kb-block=\"kb-adv-heading511_149499-5e\">Small group trainingen zijn fitnesssessies, waarbij een kleine groep deelnemers samen traint onder begeleiding van een gecertificeerde trainer. Deze groepen bestaan meestal uit 3 tot 8 personen, wat zorgt voor een intieme en persoonlijke sfeer terwijl de kosten per persoon lager zijn dan bij \u00e9\u00e9n-op-\u00e9\u00e9n personal training. Tijdens deze sessies krijgen deelnemers persoonlijke aandacht en begeleiding, maar genieten ze ook van de sociale dynamiek en motivatie die voortkomt uit het trainen met anderen.<\/p>\n<\/div><\/div>\n\n<\/div><\/div>\n\n<style>.kb-row-layout-id511_e3ccf5-6d > .kt-row-column-wrap{align-content:center;}:where(.kb-row-layout-id511_e3ccf5-6d > .kt-row-column-wrap) > .wp-block-kadence-column{justify-content:center;}.kb-row-layout-id511_e3ccf5-6d > .kt-row-column-wrap{column-gap:var(--global-kb-gap-lg, 4rem);row-gap:var(--global-kb-gap-md, 2rem);max-width:var( --global-content-width, 1290px );padding-left:var(--global-content-edge-padding);padding-right:var(--global-content-edge-padding);padding-top:var(--global-kb-spacing-xxl, 5rem);padding-bottom:var(--global-kb-spacing-xxl, 5rem);grid-template-columns:minmax(0, calc(60% - ((var(--global-kb-gap-lg, 4rem) * 1 )\/2)))minmax(0, calc(40% - ((var(--global-kb-gap-lg, 4rem) * 1 )\/2)));}.kb-row-layout-id511_e3ccf5-6d > .kt-row-layout-overlay{opacity:0.30;}@media all and (max-width: 1024px){.kb-row-layout-id511_e3ccf5-6d > .kt-row-column-wrap{column-gap:var(--global-kb-gap-md, 2rem);padding-top:var(--global-kb-spacing-lg, 3rem);padding-bottom:var(--global-kb-spacing-lg, 3rem);grid-template-columns:minmax(0, 1fr);}}@media all and (max-width: 767px){.kb-row-layout-id511_e3ccf5-6d > .kt-row-column-wrap{grid-template-columns:minmax(0, 1fr);}}<\/style><div class=\"kb-row-layout-wrap kb-row-layout-id511_e3ccf5-6d alignfull has-theme-palette1-background-color kt-row-has-bg wp-block-kadence-rowlayout\"><div class=\"kt-row-column-wrap kt-has-2-columns kt-row-layout-equal kt-tab-layout-row kt-mobile-layout-row kt-row-valign-middle kb-theme-content-width\">\n<style>.kadence-column511_d199a1-d0 > .kt-inside-inner-col{display:flex;}.kadence-column511_d199a1-d0 > .kt-inside-inner-col,.kadence-column511_d199a1-d0 > .kt-inside-inner-col:before{border-top-left-radius:0px;border-top-right-radius:0px;border-bottom-right-radius:0px;border-bottom-left-radius:0px;}.kadence-column511_d199a1-d0 > .kt-inside-inner-col{column-gap:var(--global-kb-gap-sm, 1rem);}.kadence-column511_d199a1-d0 > .kt-inside-inner-col{flex-direction:column;justify-content:center;}.kadence-column511_d199a1-d0 > .kt-inside-inner-col > .aligncenter{width:100%;}.kt-row-column-wrap > .kadence-column511_d199a1-d0{align-self:center;}.kt-inner-column-height-full:not(.kt-has-1-columns) > .wp-block-kadence-column.kadence-column511_d199a1-d0{align-self:auto;}.kt-inner-column-height-full:not(.kt-has-1-columns) > .wp-block-kadence-column.kadence-column511_d199a1-d0 > .kt-inside-inner-col{flex-direction:column;justify-content:center;}.kadence-column511_d199a1-d0 > .kt-inside-inner-col:before{opacity:0.3;}.kadence-column511_d199a1-d0{text-align:left;}.kadence-column511_d199a1-d0{position:relative;}@media all and (max-width: 1024px){.kt-row-column-wrap > .kadence-column511_d199a1-d0{align-self:center;}}@media all and (max-width: 1024px){.kt-inner-column-height-full:not(.kt-has-1-columns) > .wp-block-kadence-column.kadence-column511_d199a1-d0{align-self:auto;}}@media all and (max-width: 1024px){.kt-inner-column-height-full:not(.kt-has-1-columns) > .wp-block-kadence-column.kadence-column511_d199a1-d0 > .kt-inside-inner-col{flex-direction:column;justify-content:center;}}@media all and (max-width: 1024px){.kadence-column511_d199a1-d0 > .kt-inside-inner-col{flex-direction:column;justify-content:center;}}@media all and (max-width: 767px){.kt-row-column-wrap > .kadence-column511_d199a1-d0{align-self:center;}.kt-inner-column-height-full:not(.kt-has-1-columns) > .wp-block-kadence-column.kadence-column511_d199a1-d0{align-self:auto;}.kt-inner-column-height-full:not(.kt-has-1-columns) > .wp-block-kadence-column.kadence-column511_d199a1-d0 > .kt-inside-inner-col{flex-direction:column;justify-content:center;}.kadence-column511_d199a1-d0 > .kt-inside-inner-col{flex-direction:column;justify-content:center;}}<\/style>\n<div class=\"wp-block-kadence-column kadence-column511_d199a1-d0 kb-section-dir-vertical inner-column-1\"><div class=\"kt-inside-inner-col\"><style>.wp-block-kadence-advancedheading.kt-adv-heading511_61c8e0-42, .wp-block-kadence-advancedheading.kt-adv-heading511_61c8e0-42[data-kb-block=\"kb-adv-heading511_61c8e0-42\"]{font-size:var(--global-kb-font-size-xl, 3rem);line-height:1.2;font-style:normal;}.wp-block-kadence-advancedheading.kt-adv-heading511_61c8e0-42 mark.kt-highlight, .wp-block-kadence-advancedheading.kt-adv-heading511_61c8e0-42[data-kb-block=\"kb-adv-heading511_61c8e0-42\"] mark.kt-highlight{font-style:normal;color:#f76a0c;-webkit-box-decoration-break:clone;box-decoration-break:clone;padding-top:0px;padding-right:0px;padding-bottom:0px;padding-left:0px;}@media all and (max-width: 1024px){.wp-block-kadence-advancedheading.kt-adv-heading511_61c8e0-42, .wp-block-kadence-advancedheading.kt-adv-heading511_61c8e0-42[data-kb-block=\"kb-adv-heading511_61c8e0-42\"]{padding-right:0px;}}<\/style>\n<h2 class=\"kt-adv-heading511_61c8e0-42 wp-block-kadence-advancedheading has-theme-palette-9-color has-text-color\" data-kb-block=\"kb-adv-heading511_61c8e0-42\">Gericht op conditie en <br>functioneel trainen<\/h2>\n\n\n<style>.wp-block-kadence-advancedheading.kt-adv-heading511_dcb11f-13, .wp-block-kadence-advancedheading.kt-adv-heading511_dcb11f-13[data-kb-block=\"kb-adv-heading511_dcb11f-13\"]{margin-bottom:var(--global-kb-spacing-sm, 1.5rem);font-style:normal;}.wp-block-kadence-advancedheading.kt-adv-heading511_dcb11f-13 mark.kt-highlight, .wp-block-kadence-advancedheading.kt-adv-heading511_dcb11f-13[data-kb-block=\"kb-adv-heading511_dcb11f-13\"] mark.kt-highlight{font-style:normal;color:#f76a0c;-webkit-box-decoration-break:clone;box-decoration-break:clone;padding-top:0px;padding-right:0px;padding-bottom:0px;padding-left:0px;}<\/style>\n<p class=\"kt-adv-heading511_dcb11f-13 wp-block-kadence-advancedheading has-theme-palette-9-color has-text-color\" data-kb-block=\"kb-adv-heading511_dcb11f-13\">Een sessie duurt 60 minuten. De fitness workouts zijn speciaal afgestemd op de kleine groep en zijn voornamelijk gericht op conditie en functioneel trainen. Er zijn tal van mogelijkheden in onze sportclub. Van cardio- tot krachttraining, van lichaamshouding tot flexibiliteit en van stabiliteit tot co\u00f6rdinatie. Alle spiergroepen komen aan bod! <br><br>&#8211; Training op verschillende niveaus<br>&#8211; Een persoonlijke, afwisselende en motiverende trainingsmethode<br>&#8211; Training in gezelschap om het plezieriger te maken<br>&#8211; Vernieuwing en gegarandeerd optimaal resultaat<br>&#8211; Zelf een groep starten of deelnemen aan een bestaande groep<\/p>\n\n\n<style>.wp-block-kadence-advancedbtn.kb-btns511_7df897-b4{gap:var(--global-kb-gap-xs, 0.5rem );justify-content:flex-start;align-items:center;}.kt-btns511_7df897-b4 .kt-button{font-weight:normal;font-style:normal;}<\/style>\n<div class=\"wp-block-kadence-advancedbtn kb-buttons-wrap kb-btns511_7df897-b4\"><style>ul.menu .wp-block-kadence-advancedbtn .kb-btn511_4b6a9d-a0.kb-button{width:initial;}.wp-block-kadence-advancedbtn .kb-btn511_4b6a9d-a0.kb-button{color:var(--global-palette9, #ffffff);background:var(--global-palette3, #1A202C);border-top-left-radius:0px;border-top-right-radius:0px;border-bottom-right-radius:0px;border-bottom-left-radius:0px;border-top-color:var(--global-palette8, #F7FAFC);border-top-style:solid;border-right-color:var(--global-palette8, #F7FAFC);border-right-style:solid;border-bottom-color:var(--global-palette8, #F7FAFC);border-bottom-style:solid;border-left-color:var(--global-palette8, #F7FAFC);border-left-style:solid;}.wp-block-kadence-advancedbtn .kb-btn511_4b6a9d-a0.kb-button:hover, .wp-block-kadence-advancedbtn .kb-btn511_4b6a9d-a0.kb-button:focus{color:var(--global-palette9, #ffffff);background:var(--global-palette4, #2D3748);border-top-color:#444444;border-top-style:solid;border-right-color:#444444;border-right-style:solid;border-bottom-color:#444444;border-bottom-style:solid;border-left-color:#444444;border-left-style:solid;}@media all and (max-width: 1024px){.wp-block-kadence-advancedbtn .kb-btn511_4b6a9d-a0.kb-button{border-top-color:var(--global-palette8, #F7FAFC);border-top-style:solid;border-right-color:var(--global-palette8, #F7FAFC);border-right-style:solid;border-bottom-color:var(--global-palette8, #F7FAFC);border-bottom-style:solid;border-left-color:var(--global-palette8, #F7FAFC);border-left-style:solid;}}@media all and (max-width: 1024px){.wp-block-kadence-advancedbtn .kb-btn511_4b6a9d-a0.kb-button:hover, .wp-block-kadence-advancedbtn .kb-btn511_4b6a9d-a0.kb-button:focus{border-top-color:#444444;border-top-style:solid;border-right-color:#444444;border-right-style:solid;border-bottom-color:#444444;border-bottom-style:solid;border-left-color:#444444;border-left-style:solid;}}@media all and (max-width: 767px){.wp-block-kadence-advancedbtn .kb-btn511_4b6a9d-a0.kb-button{border-top-color:var(--global-palette8, #F7FAFC);border-top-style:solid;border-right-color:var(--global-palette8, #F7FAFC);border-right-style:solid;border-bottom-color:var(--global-palette8, #F7FAFC);border-bottom-style:solid;border-left-color:var(--global-palette8, #F7FAFC);border-left-style:solid;}.wp-block-kadence-advancedbtn .kb-btn511_4b6a9d-a0.kb-button:hover, .wp-block-kadence-advancedbtn .kb-btn511_4b6a9d-a0.kb-button:focus{border-top-color:#444444;border-top-style:solid;border-right-color:#444444;border-right-style:solid;border-bottom-color:#444444;border-bottom-style:solid;border-left-color:#444444;border-left-style:solid;}}<\/style><span class=\"kb-button kt-button button kb-btn511_4b6a9d-a0 kt-btn-size-standard kt-btn-width-type-auto kb-btn-global-inherit  kt-btn-has-text-true kt-btn-has-svg-false  wp-block-button__link wp-block-kadence-singlebtn\"><span class=\"kt-btn-inner-text\">Neem contact met ons op voor een gratis proefles.<\/span><\/span><\/div>\n<\/div><\/div>\n\n\n<style>.kadence-column511_649d31-e8 > .kt-inside-inner-col,.kadence-column511_649d31-e8 > .kt-inside-inner-col:before{border-top-left-radius:0px;border-top-right-radius:0px;border-bottom-right-radius:0px;border-bottom-left-radius:0px;}.kadence-column511_649d31-e8 > .kt-inside-inner-col{column-gap:0px;}.kadence-column511_649d31-e8 > .kt-inside-inner-col{flex-direction:column;}.kadence-column511_649d31-e8 > .kt-inside-inner-col > .aligncenter{width:100%;}.kadence-column511_649d31-e8 > .kt-inside-inner-col:before{opacity:0.3;}.kadence-column511_649d31-e8{text-align:left;}.kadence-column511_649d31-e8{position:relative;}@media all and (max-width: 1024px){.kadence-column511_649d31-e8 > .kt-inside-inner-col{flex-direction:column;justify-content:center;}}@media all and (max-width: 767px){.kadence-column511_649d31-e8 > .kt-inside-inner-col{flex-direction:column;justify-content:center;}}<\/style>\n<div class=\"wp-block-kadence-column kadence-column511_649d31-e8 kb-section-dir-vertical inner-column-2\"><div class=\"kt-inside-inner-col\"><style>.kb-image511_b2c562-ac .kb-image-has-overlay:after{opacity:0.3;}.kb-image511_b2c562-ac img.kb-img, .kb-image511_b2c562-ac .kb-img img{object-position:42% 37%;}<\/style>\n<figure class=\"wp-block-kadence-image kb-image511_b2c562-ac kb-image-is-ratio-size\"><div class=\"kb-is-ratio-image kb-image-ratio-land43\"><img loading=\"lazy\" decoding=\"async\" width=\"2560\" height=\"1706\" src=\"https:\/\/b-me.info\/wp-content\/uploads\/2024\/11\/B-me-2-16-scaled.jpg\" class=\"kb-img wp-image-1474\" srcset=\"https:\/\/b-me.info\/wp-content\/uploads\/2024\/11\/B-me-2-16-scaled.jpg 2560w, https:\/\/b-me.info\/wp-content\/uploads\/2024\/11\/B-me-2-16-300x200.jpg 300w, https:\/\/b-me.info\/wp-content\/uploads\/2024\/11\/B-me-2-16-1024x683.jpg 1024w, https:\/\/b-me.info\/wp-content\/uploads\/2024\/11\/B-me-2-16-768x512.jpg 768w, https:\/\/b-me.info\/wp-content\/uploads\/2024\/11\/B-me-2-16-1536x1024.jpg 1536w, https:\/\/b-me.info\/wp-content\/uploads\/2024\/11\/B-me-2-16-2048x1365.jpg 2048w\" sizes=\"auto, (max-width: 2560px) 100vw, 2560px\" \/><\/div><\/figure>\n<\/div><\/div>\n\n<\/div><\/div>\n\n\n<p><\/p>\n","protected":false},"excerpt":{"rendered":"<p>Small group training Small group trainingen zijn fitnesssessies, waarbij een kleine groep deelnemers samen traint onder begeleiding van een gecertificeerde trainer. Deze groepen bestaan meestal uit 3 tot 8 personen, wat zorgt voor een intieme en persoonlijke sfeer terwijl de kosten per persoon lager zijn dan bij \u00e9\u00e9n-op-\u00e9\u00e9n personal training. Tijdens deze sessies krijgen deelnemers&#8230;<\/p>\n","protected":false},"author":1,"featured_media":0,"parent":0,"menu_order":0,"comment_status":"closed","ping_status":"closed","template":"","meta":{"_kadence_starter_templates_imported_post":false,"_kad_post_transparent":"","_kad_post_title":"","_kad_post_layout":"","_kad_post_sidebar_id":"","_kad_post_content_style":"","_kad_post_vertical_padding":"","_kad_post_feature":"","_kad_post_feature_position":"","_kad_post_header":false,"_kad_post_footer":false,"_kad_post_classname":"","footnotes":""},"class_list":["post-511","page","type-page","status-publish","hentry"],"_links":{"self":[{"href":"https:\/\/b-me.info\/index.php\/wp-json\/wp\/v2\/pages\/511","targetHints":{"allow":["GET"]}}],"collection":[{"href":"https:\/\/b-me.info\/index.php\/wp-json\/wp\/v2\/pages"}],"about":[{"href":"https:\/\/b-me.info\/index.php\/wp-json\/wp\/v2\/types\/page"}],"author":[{"embeddable":true,"href":"https:\/\/b-me.info\/index.php\/wp-json\/wp\/v2\/users\/1"}],"replies":[{"embeddable":true,"href":"https:\/\/b-me.info\/index.php\/wp-json\/wp\/v2\/comments?post=511"}],"version-history":[{"count":13,"href":"https:\/\/b-me.info\/index.php\/wp-json\/wp\/v2\/pages\/511\/revisions"}],"predecessor-version":[{"id":1475,"href":"https:\/\/b-me.info\/index.php\/wp-json\/wp\/v2\/pages\/511\/revisions\/1475"}],"wp:attachment":[{"href":"https:\/\/b-me.info\/index.php\/wp-json\/wp\/v2\/media?parent=511"}],"curies":[{"name":"wp","href":"https:\/\/api.w.org\/{rel}","templated":true}]}}